{"id":230083,"date":"2024-12-02T10:39:31","date_gmt":"2024-12-02T09:39:31","guid":{"rendered":"https:\/\/exofood.fr\/?page_id=230083"},"modified":"2024-12-09T16:21:30","modified_gmt":"2024-12-09T15:21:30","slug":"charte-rse2","status":"publish","type":"page","link":"https:\/\/exofood.fr\/en\/charte-rse2\/","title":{"rendered":"Charte RSE2"},"content":{"rendered":"<p>[et_pb_section fb_built=\u00a0\u00bb1&Prime; disabled_on=\u00a0\u00bbon|on|off\u00a0\u00bb _builder_version=\u00a0\u00bb4.27.4&Prime; _module_preset=\u00a0\u00bbdefault\u00a0\u00bb background_image=\u00a0\u00bbhttps:\/\/exofood.fr\/wp-content\/uploads\/2024\/10\/logo-exofood-250.png\u00a0\u00bb background_size=\u00a0\u00bbcustom\u00a0\u00bb background_image_width=\u00a0\u00bb15%\u00a0\u00bb background_position=\u00a0\u00bbtop_left\u00a0\u00bb background_horizontal_offset=\u00a0\u00bb7%\u00a0\u00bb custom_margin=\u00a0\u00bb83px||||false|false\u00a0\u00bb custom_padding=\u00a0\u00bb||6px|||\u00a0\u00bb global_colors_info=\u00a0\u00bb{}\u00a0\u00bb][et_pb_row _builder_version=\u00a0\u00bb4.27.4&Prime; _module_preset=\u00a0\u00bbdefault\u00a0\u00bb custom_margin=\u00a0\u00bb75px||||false|false\u00a0\u00bb custom_padding=\u00a0\u00bb||||false|false\u00a0\u00bb global_colors_info=\u00a0\u00bb{}\u00a0\u00bb][et_pb_column type=\u00a0\u00bb4_4&Prime; _builder_version=\u00a0\u00bb4.27.4&Prime; _module_preset=\u00a0\u00bbdefault\u00a0\u00bb global_colors_info=\u00a0\u00bb{}\u00a0\u00bb][et_pb_text _builder_version=\u00a0\u00bb4.27.4&Prime; _module_preset=\u00a0\u00bbdefault\u00a0\u00bb header_font_size=\u00a0\u00bb36px\u00a0\u00bb global_colors_info=\u00a0\u00bb{}\u00a0\u00bb]<\/p>\n<h1 style=\"text-align: center;\"><span>Charte Responsabilit\u00e9 Soci\u00e9tale des Entreprises<\/span><\/h1>\n<p>[\/et_pb_text][\/et_pb_column][\/et_pb_row][\/et_pb_section][et_pb_section fb_built=\u00a0\u00bb1&Prime; disabled_on=\u00a0\u00bboff|off|on\u00a0\u00bb _builder_version=\u00a0\u00bb4.27.4&Prime; _module_preset=\u00a0\u00bbdefault\u00a0\u00bb background_enable_image=\u00a0\u00bboff\u00a0\u00bb background_size=\u00a0\u00bbcustom\u00a0\u00bb background_image_width=\u00a0\u00bb15%\u00a0\u00bb background_position=\u00a0\u00bbtop_left\u00a0\u00bb background_horizontal_offset=\u00a0\u00bb7%\u00a0\u00bb custom_margin=\u00a0\u00bb83px||||false|false\u00a0\u00bb custom_padding=\u00a0\u00bb20px||6px|||\u00a0\u00bb global_colors_info=\u00a0\u00bb{}\u00a0\u00bb][et_pb_row _builder_version=\u00a0\u00bb4.27.4&Prime; _module_preset=\u00a0\u00bbdefault\u00a0\u00bb custom_margin=\u00a0\u00bb-1px|auto||auto|false|false\u00a0\u00bb custom_padding=\u00a0\u00bb||||false|false\u00a0\u00bb global_colors_info=\u00a0\u00bb{}\u00a0\u00bb][et_pb_column type=\u00a0\u00bb4_4&Prime; _builder_version=\u00a0\u00bb4.27.4&Prime; _module_preset=\u00a0\u00bbdefault\u00a0\u00bb global_colors_info=\u00a0\u00bb{}\u00a0\u00bb][et_pb_image src=\u00a0\u00bbhttps:\/\/exofood.fr\/wp-content\/uploads\/2024\/10\/logo-exofood-250.png\u00a0\u00bb title_text=\u00a0\u00bblogo-exofood-250&Prime; align=\u00a0\u00bbcenter\u00a0\u00bb _builder_version=\u00a0\u00bb4.27.4&Prime; _module_preset=\u00a0\u00bbdefault\u00a0\u00bb global_colors_info=\u00a0\u00bb{}\u00a0\u00bb][\/et_pb_image][et_pb_text _builder_version=\u00a0\u00bb4.27.4&Prime; _module_preset=\u00a0\u00bbdefault\u00a0\u00bb header_font_size=\u00a0\u00bb36px\u00a0\u00bb global_colors_info=\u00a0\u00bb{}\u00a0\u00bb]<\/p>\n<h1 style=\"text-align: center;\"><span>Charte Responsabilit\u00e9 Soci\u00e9tale des Entreprises<\/span><\/h1>\n<p>[\/et_pb_text][\/et_pb_column][\/et_pb_row][\/et_pb_section][et_pb_section fb_built=\u00a0\u00bb1&Prime; _builder_version=\u00a0\u00bb4.27.4&Prime; _module_preset=\u00a0\u00bbdefault\u00a0\u00bb background_image=\u00a0\u00bbhttps:\/\/exofood.fr\/wp-content\/uploads\/2024\/10\/agriculture-2-xym-4.png\u00a0\u00bb background_size=\u00a0\u00bbinitial\u00a0\u00bb background_position=\u00a0\u00bbcenter_left\u00a0\u00bb custom_padding=\u00a0\u00bb1px||7px|||\u00a0\u00bb global_colors_info=\u00a0\u00bb{}\u00a0\u00bb][et_pb_row _builder_version=\u00a0\u00bb4.27.4&Prime; _module_preset=\u00a0\u00bbdefault\u00a0\u00bb custom_padding=\u00a0\u00bb|25px|||false|false\u00a0\u00bb global_colors_info=\u00a0\u00bb{}\u00a0\u00bb][et_pb_column type=\u00a0\u00bb4_4&Prime; _builder_version=\u00a0\u00bb4.27.4&Prime; _module_preset=\u00a0\u00bbdefault\u00a0\u00bb global_colors_info=\u00a0\u00bb{}\u00a0\u00bb][et_pb_blurb title=\u00a0\u00bbPREAMBULE\u00a0\u00bb image=\u00a0\u00bbhttps:\/\/exofood.fr\/wp-content\/uploads\/2024\/11\/rouge.png\u00a0\u00bb icon_placement=\u00a0\u00bbleft\u00a0\u00bb image_icon_width=\u00a0\u00bb63%\u00a0\u00bb content_max_width=\u00a0\u00bb100%\u00a0\u00bb _builder_version=\u00a0\u00bb4.27.4&Prime; _module_preset=\u00a0\u00bbdefault\u00a0\u00bb custom_margin=\u00a0\u00bb||9px|||\u00a0\u00bb global_colors_info=\u00a0\u00bb{}\u00a0\u00bb]<\/p>\n<p style=\"text-align: justify;\">La charte RSE d&rsquo;EXOFOOD d\u00e9finit les engagements de l&rsquo;entreprise en mati\u00e8re de Responsabilit\u00e9 Soci\u00e9tale des Entreprises. Elle vise \u00e0 int\u00e9grer des pratiques durables dans toutes les actions de l&rsquo;entreprise, en mettant l&rsquo;accent sur la cr\u00e9ation de valeur, la confiance avec les parties prenantes, et une d\u00e9marche d&rsquo;am\u00e9lioration continue. EXOFOOD \u0153uvre pour une gestion \u00e9thique des produits, des relations humaines, et le respect de l\u2019environnement.<\/p>\n<p>[\/et_pb_blurb][\/et_pb_column][\/et_pb_row][et_pb_row _builder_version=\u00a0\u00bb4.27.4&Prime; _module_preset=\u00a0\u00bbdefault\u00a0\u00bb custom_padding=\u00a0\u00bb6px|25px|||false|false\u00a0\u00bb global_colors_info=\u00a0\u00bb{}\u00a0\u00bb][et_pb_column type=\u00a0\u00bb4_4&Prime; _builder_version=\u00a0\u00bb4.27.4&Prime; _module_preset=\u00a0\u00bbdefault\u00a0\u00bb global_colors_info=\u00a0\u00bb{}\u00a0\u00bb][et_pb_blurb title=\u00a0\u00bbENGAGEMENT HUMAIN\u00a0\u00bb image=\u00a0\u00bbhttps:\/\/exofood.fr\/wp-content\/uploads\/2024\/11\/jaune.png\u00a0\u00bb icon_placement=\u00a0\u00bbleft\u00a0\u00bb image_icon_width=\u00a0\u00bb63%\u00a0\u00bb content_max_width=\u00a0\u00bb100%\u00a0\u00bb _builder_version=\u00a0\u00bb4.27.4&Prime; _module_preset=\u00a0\u00bbdefault\u00a0\u00bb custom_margin=\u00a0\u00bb||9px|||\u00a0\u00bb global_colors_info=\u00a0\u00bb{}\u00a0\u00bb]<\/p>\n<p style=\"text-align: justify;\">EXOFOOD valorise son capital humain en veillant au respect des droits humains et des normes de travail. L&rsquo;entreprise lutte contre toute forme de discrimination, de travail forc\u00e9 ou des enfants, et s&rsquo;engage \u00e0 garantir des r\u00e9mun\u00e9rations \u00e9quitables et des conditions de travail s\u00e9curis\u00e9es et respectueuses.<\/p>\n<p>[\/et_pb_blurb][\/et_pb_column][\/et_pb_row][et_pb_row _builder_version=\u00a0\u00bb4.27.4&Prime; _module_preset=\u00a0\u00bbdefault\u00a0\u00bb custom_padding=\u00a0\u00bb6px|25px|||false|false\u00a0\u00bb global_colors_info=\u00a0\u00bb{}\u00a0\u00bb][et_pb_column type=\u00a0\u00bb4_4&Prime; _builder_version=\u00a0\u00bb4.27.4&Prime; _module_preset=\u00a0\u00bbdefault\u00a0\u00bb global_colors_info=\u00a0\u00bb{}\u00a0\u00bb][et_pb_blurb title=\u00a0\u00bbENGAGEMENT AU TRAVAIL\u00a0\u00bb image=\u00a0\u00bbhttps:\/\/exofood.fr\/wp-content\/uploads\/2024\/11\/bleu.png\u00a0\u00bb icon_placement=\u00a0\u00bbleft\u00a0\u00bb image_icon_width=\u00a0\u00bb63%\u00a0\u00bb content_max_width=\u00a0\u00bb100%\u00a0\u00bb _builder_version=\u00a0\u00bb4.27.4&Prime; _module_preset=\u00a0\u00bbdefault\u00a0\u00bb custom_margin=\u00a0\u00bb||9px|||\u00a0\u00bb global_colors_info=\u00a0\u00bb{}\u00a0\u00bb]<\/p>\n<p style=\"text-align: justify;\">L\u2019entreprise privil\u00e9gie les contrats \u00e0 dur\u00e9e ind\u00e9termin\u00e9e (CDI) et offre un environnement de travail confortable, ergonomique et s\u00fbr. EXOFOOD s\u2019assure que ses collaborateurs b\u00e9n\u00e9ficient d\u2019un cadre propice \u00e0 l\u2019innovation et \u00e0 la prise d&rsquo;initiatives, tout en respectant les normes de sant\u00e9 et s\u00e9curit\u00e9 au travail. L\u2019entreprise exclut toute forme de violence ou de harc\u00e8lement dans son\u00a0 environnement de travail.<\/p>\n<p>[\/et_pb_blurb][\/et_pb_column][\/et_pb_row][et_pb_row _builder_version=\u00a0\u00bb4.27.4&Prime; _module_preset=\u00a0\u00bbdefault\u00a0\u00bb custom_padding=\u00a0\u00bb6px|25px|||false|false\u00a0\u00bb global_colors_info=\u00a0\u00bb{}\u00a0\u00bb][et_pb_column type=\u00a0\u00bb4_4&Prime; _builder_version=\u00a0\u00bb4.27.4&Prime; _module_preset=\u00a0\u00bbdefault\u00a0\u00bb global_colors_info=\u00a0\u00bb{}\u00a0\u00bb][et_pb_blurb title=\u00a0\u00bbENGAGEMENT DE SERVICE\u00a0\u00bb image=\u00a0\u00bbhttps:\/\/exofood.fr\/wp-content\/uploads\/2024\/11\/rouge.png\u00a0\u00bb icon_placement=\u00a0\u00bbleft\u00a0\u00bb image_icon_width=\u00a0\u00bb63%\u00a0\u00bb content_max_width=\u00a0\u00bb100%\u00a0\u00bb _builder_version=\u00a0\u00bb4.27.4&Prime; _module_preset=\u00a0\u00bbdefault\u00a0\u00bb custom_margin=\u00a0\u00bb||9px|||\u00a0\u00bb global_colors_info=\u00a0\u00bb{}\u00a0\u00bb]<\/p>\n<p style=\"text-align: justify;\">EXOFOOD s\u00e9lectionne ses fournisseurs et partenaires sur la base de crit\u00e8res de qualit\u00e9, comp\u00e9titivit\u00e9, mais aussi en prenant en compte leurs pratiques durables et responsables. Nous encourageons le d\u00e9veloppement \u00e9conomique local en privil\u00e9giant les partenariats avec les entreprises et les fournisseurs locaux.<\/p>\n<p style=\"text-align: justify;\">Les d\u00e9lais de paiement de nos fournisseurs s\u2019inscrivent \u00e9galement dans notre politique RSE Nous nous engageons \u00e0 respecter les d\u00e9lais de paiement et \u00e0 payer nos fournisseurs conform\u00e9ment aux dispositions contractuelles et l\u00e9gales.<\/p>\n<p>[\/et_pb_blurb][\/et_pb_column][\/et_pb_row][et_pb_row _builder_version=\u00a0\u00bb4.27.4&Prime; _module_preset=\u00a0\u00bbdefault\u00a0\u00bb custom_padding=\u00a0\u00bb6px|25px|||false|false\u00a0\u00bb global_colors_info=\u00a0\u00bb{}\u00a0\u00bb][et_pb_column type=\u00a0\u00bb4_4&Prime; _builder_version=\u00a0\u00bb4.27.4&Prime; _module_preset=\u00a0\u00bbdefault\u00a0\u00bb global_colors_info=\u00a0\u00bb{}\u00a0\u00bb][et_pb_blurb title=\u00a0\u00bbENGAGEMENT ENVIRONNEMENTAL\u00a0\u00bb image=\u00a0\u00bbhttps:\/\/exofood.fr\/wp-content\/uploads\/2024\/11\/vert.png\u00a0\u00bb icon_placement=\u00a0\u00bbleft\u00a0\u00bb image_icon_width=\u00a0\u00bb63%\u00a0\u00bb content_max_width=\u00a0\u00bb100%\u00a0\u00bb _builder_version=\u00a0\u00bb4.27.4&Prime; _module_preset=\u00a0\u00bbdefault\u00a0\u00bb custom_margin=\u00a0\u00bb||9px|||\u00a0\u00bb global_colors_info=\u00a0\u00bb{}\u00a0\u00bb]<\/p>\n<p style=\"text-align: justify;\">Conscients de l\u2019impact de notre activit\u00e9 sur l\u2019environnement, nous nous effor\u00e7ons de les minimiser en engageant une politique de management environnemental et soci\u00e9tal ax\u00e9e sur des pratiques plus sobres en \u00e9nergie, bas carbone et plus responsables.<\/p>\n<p style=\"text-align: justify;\">Nous nous engageons \u00e0 r\u00e9duire notre impact environnemental en optimisant notre cha\u00eene logistique. Sur les territoires o\u00f9 nous op\u00e9rons, nous incitons \u00e0 l\u2019optimisation de la gestion des d\u00e9chets. Nous encourageons la certification et la labellisation environnementale de nos fournisseurs et prestataires.<\/p>\n<p style=\"text-align: justify;\">Autour de ces enjeux environnementaux, nous souhaitons que nos actions s\u2019inscrivent dans une d\u00e9marche pr\u00e9servant les ressources naturelles et les \u00e9cosyst\u00e8mes, en apportant des expertises \u00e0 fortes valeurs ajout\u00e9es aupr\u00e8s de nos prestataires et de leurs activit\u00e9s sur les territoires.<\/p>\n<p>[\/et_pb_blurb][\/et_pb_column][\/et_pb_row][et_pb_row _builder_version=\u00a0\u00bb4.27.4&Prime; _module_preset=\u00a0\u00bbdefault\u00a0\u00bb custom_padding=\u00a0\u00bb6px|25px|||false|false\u00a0\u00bb global_colors_info=\u00a0\u00bb{}\u00a0\u00bb][et_pb_column type=\u00a0\u00bb4_4&Prime; _builder_version=\u00a0\u00bb4.27.4&Prime; _module_preset=\u00a0\u00bbdefault\u00a0\u00bb global_colors_info=\u00a0\u00bb{}\u00a0\u00bb][et_pb_blurb title=\u00a0\u00bbCONFIDENTIALITE\u00a0\u00bb image=\u00a0\u00bbhttps:\/\/exofood.fr\/wp-content\/uploads\/2024\/11\/jaune.png\u00a0\u00bb icon_placement=\u00a0\u00bbleft\u00a0\u00bb image_icon_width=\u00a0\u00bb63%\u00a0\u00bb content_max_width=\u00a0\u00bb100%\u00a0\u00bb _builder_version=\u00a0\u00bb4.27.4&Prime; _module_preset=\u00a0\u00bbdefault\u00a0\u00bb custom_margin=\u00a0\u00bb||9px|||\u00a0\u00bb global_colors_info=\u00a0\u00bb{}\u00a0\u00bb]<\/p>\n<p style=\"text-align: justify;\">EXOFOOD garantit la confidentialit\u00e9 des informations et r\u00e9sultats des projets, en mettant en place des mesures de protection des donn\u00e9es tant physiques que num\u00e9riques. Un engagement de confidentialit\u00e9 peut \u00eatre sign\u00e9 pour assurer la protection des informations sensibles.<\/p>\n<p>[\/et_pb_blurb][\/et_pb_column][\/et_pb_row][et_pb_row _builder_version=\u00a0\u00bb4.27.4&Prime; _module_preset=\u00a0\u00bbdefault\u00a0\u00bb custom_padding=\u00a0\u00bb6px|25px|||false|false\u00a0\u00bb global_colors_info=\u00a0\u00bb{}\u00a0\u00bb][et_pb_column type=\u00a0\u00bb4_4&Prime; _builder_version=\u00a0\u00bb4.27.4&Prime; _module_preset=\u00a0\u00bbdefault\u00a0\u00bb global_colors_info=\u00a0\u00bb{}\u00a0\u00bb][et_pb_blurb title=\u00a0\u00bbDISPOSITIF D&rsquo;ALERTE\u00a0\u00bb image=\u00a0\u00bbhttps:\/\/exofood.fr\/wp-content\/uploads\/2024\/11\/bleu.png\u00a0\u00bb icon_placement=\u00a0\u00bbleft\u00a0\u00bb image_icon_width=\u00a0\u00bb63%\u00a0\u00bb content_max_width=\u00a0\u00bb100%\u00a0\u00bb _builder_version=\u00a0\u00bb4.27.4&Prime; _module_preset=\u00a0\u00bbdefault\u00a0\u00bb custom_margin=\u00a0\u00bb||9px|||\u00a0\u00bb global_colors_info=\u00a0\u00bb{}\u00a0\u00bb]<\/p>\n<p style=\"text-align: justify;\">L\u2019entreprise attend de ses partenaires qu&rsquo;ils signalent tout incident, violation des r\u00e8gles ou retard de commande. En cas de non-conformit\u00e9 des produits, EXOFOOD met en place des actions correctives et des audits pour assurer la conformit\u00e9 et l&rsquo;am\u00e9lioration continue des pratiques.<\/p>\n<p>[\/et_pb_blurb][\/et_pb_column][\/et_pb_row][et_pb_row column_structure=\u00a0\u00bb1_3,1_3,1_3&Prime; use_custom_gutter=\u00a0\u00bbon\u00a0\u00bb gutter_width=\u00a0\u00bb1&Prime; _builder_version=\u00a0\u00bb4.27.2&Prime; _module_preset=\u00a0\u00bbdefault\u00a0\u00bb width=\u00a0\u00bb90%\u00a0\u00bb max_width=\u00a0\u00bb1290px\u00a0\u00bb custom_margin=\u00a0\u00bb0px||||false|false\u00a0\u00bb custom_margin_tablet=\u00a0\u00bb0px||120px||false|false\u00a0\u00bb custom_margin_phone=\u00a0\u00bb0px||90px||false|false\u00a0\u00bb custom_margin_last_edited=\u00a0\u00bbon|phone\u00a0\u00bb custom_padding=\u00a0\u00bb0px||0px||false|false\u00a0\u00bb locked=\u00a0\u00bboff\u00a0\u00bb global_colors_info=\u00a0\u00bb{}\u00a0\u00bb][et_pb_column type=\u00a0\u00bb1_3&Prime; _builder_version=\u00a0\u00bb4.23.2&Prime; _module_preset=\u00a0\u00bbdefault\u00a0\u00bb custom_padding=\u00a0\u00bb|80px|||false|false\u00a0\u00bb custom_padding_tablet=\u00a0\u00bb|0px|||false|false\u00a0\u00bb custom_padding_phone=\u00a0\u00bb|0px|||false|false\u00a0\u00bb custom_padding_last_edited=\u00a0\u00bbon|tablet\u00a0\u00bb custom_css_main_element=\u00a0\u00bbmargin:auto;\u00a0\u00bb global_colors_info=\u00a0\u00bb{}\u00a0\u00bb][\/et_pb_column][et_pb_column type=\u00a0\u00bb1_3&Prime; _builder_version=\u00a0\u00bb4.23.2&Prime; _module_preset=\u00a0\u00bbdefault\u00a0\u00bb custom_padding=\u00a0\u00bb|80px|||false|false\u00a0\u00bb custom_padding_tablet=\u00a0\u00bb|0px|||false|false\u00a0\u00bb custom_padding_phone=\u00a0\u00bb|0px|||false|false\u00a0\u00bb custom_padding_last_edited=\u00a0\u00bbon|tablet\u00a0\u00bb custom_css_main_element=\u00a0\u00bbmargin:auto;\u00a0\u00bb global_colors_info=\u00a0\u00bb{}\u00a0\u00bb][\/et_pb_column][et_pb_column type=\u00a0\u00bb1_3&Prime; _builder_version=\u00a0\u00bb4.23.2&Prime; _module_preset=\u00a0\u00bbdefault\u00a0\u00bb custom_padding=\u00a0\u00bb|80px|||false|false\u00a0\u00bb custom_padding_tablet=\u00a0\u00bb|0px|||false|false\u00a0\u00bb custom_padding_phone=\u00a0\u00bb|0px|||false|false\u00a0\u00bb custom_padding_last_edited=\u00a0\u00bbon|tablet\u00a0\u00bb custom_css_main_element=\u00a0\u00bbmargin:auto;\u00a0\u00bb global_colors_info=\u00a0\u00bb{}\u00a0\u00bb][et_pb_button button_url=\u00a0\u00bbhttps:\/\/exofood.fr\/wp-content\/uploads\/2024\/12\/CHARTE_02-12-24.pdf\u00a0\u00bb url_new_window=\u00a0\u00bbon\u00a0\u00bb button_text=\u00a0\u00bbLire la charte compl\u00e8te\u00a0\u00bb _builder_version=\u00a0\u00bb4.27.4&Prime; _module_preset=\u00a0\u00bbdefault\u00a0\u00bb custom_button=\u00a0\u00bbon\u00a0\u00bb button_text_size=\u00a0\u00bb17px\u00a0\u00bb button_text_color=\u00a0\u00bb#000000&Prime; button_border_width=\u00a0\u00bb0px\u00a0\u00bb button_border_radius=\u00a0\u00bb2px\u00a0\u00bb animation_style=\u00a0\u00bbslide\u00a0\u00bb hover_enabled=\u00a0\u00bb0&Prime; global_colors_info=\u00a0\u00bb{}\u00a0\u00bb sticky_enabled=\u00a0\u00bb0&Prime;][\/et_pb_button][\/et_pb_column][\/et_pb_row][\/et_pb_section]<\/p>\n","protected":false},"excerpt":{"rendered":"<p>Charte Responsabilit\u00e9 Soci\u00e9tale des EntreprisesCharte Responsabilit\u00e9 Soci\u00e9tale des EntreprisesLa charte RSE d&rsquo;EXOFOOD d\u00e9finit les engagements de l&rsquo;entreprise en mati\u00e8re de Responsabilit\u00e9 Soci\u00e9tale des Entreprises. Elle vise \u00e0 int\u00e9grer des pratiques durables dans toutes les actions de l&rsquo;entreprise, en mettant l&rsquo;accent sur la cr\u00e9ation de valeur, la confiance avec les parties prenantes, et une d\u00e9marche d&rsquo;am\u00e9lioration [&hellip;]<\/p>\n","protected":false},"author":1,"featured_media":0,"parent":0,"menu_order":0,"comment_status":"closed","ping_status":"closed","template":"","meta":{"_et_pb_use_builder":"on","_et_pb_old_content":"","_et_gb_content_width":"","footnotes":""},"class_list":["post-230083","page","type-page","status-publish","hentry"],"_links":{"self":[{"href":"https:\/\/exofood.fr\/en\/wp-json\/wp\/v2\/pages\/230083","targetHints":{"allow":["GET"]}}],"collection":[{"href":"https:\/\/exofood.fr\/en\/wp-json\/wp\/v2\/pages"}],"about":[{"href":"https:\/\/exofood.fr\/en\/wp-json\/wp\/v2\/types\/page"}],"author":[{"embeddable":true,"href":"https:\/\/exofood.fr\/en\/wp-json\/wp\/v2\/users\/1"}],"replies":[{"embeddable":true,"href":"https:\/\/exofood.fr\/en\/wp-json\/wp\/v2\/comments?post=230083"}],"version-history":[{"count":11,"href":"https:\/\/exofood.fr\/en\/wp-json\/wp\/v2\/pages\/230083\/revisions"}],"predecessor-version":[{"id":230239,"href":"https:\/\/exofood.fr\/en\/wp-json\/wp\/v2\/pages\/230083\/revisions\/230239"}],"wp:attachment":[{"href":"https:\/\/exofood.fr\/en\/wp-json\/wp\/v2\/media?parent=230083"}],"curies":[{"name":"wp","href":"https:\/\/api.w.org\/{rel}","templated":true}]}}